{"id":4609,"date":"2023-05-05T13:07:50","date_gmt":"2023-05-05T11:07:50","guid":{"rendered":"https:\/\/tisebio.com\/blog-2\/"},"modified":"2025-03-30T22:41:41","modified_gmt":"2025-03-30T20:41:41","slug":"blog-2","status":"publish","type":"page","link":"https:\/\/tisebio.com\/es\/blog-2\/","title":{"rendered":"Blog"},"content":{"rendered":"\t\t<div data-elementor-type=\"wp-page\" data-elementor-id=\"4609\" class=\"elementor elementor-4609 elementor-4315\" data-elementor-post-type=\"page\">\n\t\t\t\t\t\t<section class=\"elementor-section elementor-top-section elementor-element elementor-element-a656e27 elementor-section-boxed elementor-section-height-default elementor-section-height-default\" data-id=\"a656e27\" data-element_type=\"section\" data-settings=\"{&quot;background_background&quot;:&quot;classic&quot;}\">\n\t\t\t\t\t\t<div class=\"elementor-container elementor-column-gap-default\">\n\t\t\t\t\t<div class=\"elementor-column elementor-col-100 elementor-top-column elementor-element elementor-element-6cefbf0\" data-id=\"6cefbf0\" data-element_type=\"column\">\n\t\t\t<div class=\"elementor-widget-wrap elementor-element-populated\">\n\t\t\t\t\t\t<div class=\"elementor-element elementor-element-0e678c3 elementor-widget elementor-widget-heading\" data-id=\"0e678c3\" data-element_type=\"widget\" data-widget_type=\"heading.default\">\n\t\t\t\t<div class=\"elementor-widget-container\">\n\t\t\t\t\t<h2 class=\"elementor-heading-title elementor-size-default\">BLOG-EDIFICIOS-SALUD-SOSTENIBILIDAD-EFICIENCIA<\/h2>\t\t\t\t<\/div>\n\t\t\t\t<\/div>\n\t\t\t\t\t<\/div>\n\t\t<\/div>\n\t\t\t\t\t<\/div>\n\t\t<\/section>\n\t\t\t\t<section class=\"elementor-section elementor-top-section elementor-element elementor-element-eaa188d elementor-section-boxed elementor-section-height-default elementor-section-height-default\" data-id=\"eaa188d\" data-element_type=\"section\">\n\t\t\t\t\t\t<div class=\"elementor-container elementor-column-gap-default\">\n\t\t\t\t\t<div class=\"elementor-column elementor-col-100 elementor-top-column elementor-element elementor-element-ff5fafd\" data-id=\"ff5fafd\" data-element_type=\"column\">\n\t\t\t<div class=\"elementor-widget-wrap elementor-element-populated\">\n\t\t\t\t\t\t<div class=\"elementor-element elementor-element-9ced25f elementor-grid-3 elementor-grid-tablet-2 elementor-grid-mobile-1 elementor-posts--thumbnail-top elementor-card-shadow-yes elementor-posts__hover-gradient elementor-widget elementor-widget-posts\" data-id=\"9ced25f\" data-element_type=\"widget\" data-settings=\"{&quot;cards_row_gap&quot;:{&quot;unit&quot;:&quot;px&quot;,&quot;size&quot;:41,&quot;sizes&quot;:[]},&quot;pagination_type&quot;:&quot;numbers_and_prev_next&quot;,&quot;cards_columns&quot;:&quot;3&quot;,&quot;cards_columns_tablet&quot;:&quot;2&quot;,&quot;cards_columns_mobile&quot;:&quot;1&quot;,&quot;cards_row_gap_tablet&quot;:{&quot;unit&quot;:&quot;px&quot;,&quot;size&quot;:&quot;&quot;,&quot;sizes&quot;:[]},&quot;cards_row_gap_mobile&quot;:{&quot;unit&quot;:&quot;px&quot;,&quot;size&quot;:&quot;&quot;,&quot;sizes&quot;:[]}}\" data-widget_type=\"posts.cards\">\n\t\t\t\t<div class=\"elementor-widget-container\">\n\t\t\t\t\t\t\t<div class=\"elementor-posts-container elementor-posts elementor-posts--skin-cards elementor-grid\">\n\t\t\t\t<article class=\"elementor-post elementor-grid-item post-6600 post type-post status-publish format-standard has-post-thumbnail hentry\">\n\t\t\t<div class=\"elementor-post__card\">\n\t\t\t\t<a class=\"elementor-post__thumbnail__link\" href=\"https:\/\/tisebio.com\/es\/parametros-a-tener-en-cuenta-para-elegir-una-buena-bomba-de-calor-aerotermica\/\" tabindex=\"-1\" target=\"_blank\"><div class=\"elementor-post__thumbnail\"><img fetchpriority=\"high\" decoding=\"async\" width=\"800\" height=\"640\" src=\"https:\/\/tisebio.com\/wp-content\/uploads\/businessperson-s-hand-marking-check-box-with-red-marker-screen-800x640.jpg\" class=\"attachment-large size-large wp-image-6590\" alt=\"\" srcset=\"https:\/\/tisebio.com\/wp-content\/uploads\/businessperson-s-hand-marking-check-box-with-red-marker-screen-800x640.jpg 800w, https:\/\/tisebio.com\/wp-content\/uploads\/businessperson-s-hand-marking-check-box-with-red-marker-screen-400x320.jpg 400w, https:\/\/tisebio.com\/wp-content\/uploads\/businessperson-s-hand-marking-check-box-with-red-marker-screen-768x614.jpg 768w, https:\/\/tisebio.com\/wp-content\/uploads\/businessperson-s-hand-marking-check-box-with-red-marker-screen-1536x1229.jpg 1536w, https:\/\/tisebio.com\/wp-content\/uploads\/businessperson-s-hand-marking-check-box-with-red-marker-screen-2048x1638.jpg 2048w\" sizes=\"(max-width: 800px) 100vw, 800px\" \/><\/div><\/a>\n\t\t\t\t<div class=\"elementor-post__text\">\n\t\t\t\t<h3 class=\"elementor-post__title\">\n\t\t\t<a href=\"https:\/\/tisebio.com\/es\/parametros-a-tener-en-cuenta-para-elegir-una-buena-bomba-de-calor-aerotermica\/\" target=&quot;_blank&quot;>\n\t\t\t\tPar\u00e1metros a tener en cuenta para elegir una buena bomba de calor aerot\u00e9rmica\t\t\t<\/a>\n\t\t<\/h3>\n\t\t\t\t<div class=\"elementor-post__excerpt\">\n\t\t\t<p>Las bombas de calor aerot\u00e9rmicas (bomba de calor aire-aire o bomba de calor aire-agua) se han convertido en una opci\u00f3n cada vez m\u00e1s popular para la calefacci\u00f3n y refrigeraci\u00f3n de espacios residenciales y comerciales. <\/p>\n<p>Adem\u00e1s de ser una alternativa ecol\u00f3gica y eficiente a los sistemas tradicionales de climatizaci\u00f3n, ofrecen varios beneficios&#8230;<\/p>\n\t\t<\/div>\n\t\t\t\t\t<div class=\"elementor-post__read-more-wrapper\">\n\t\t\n\t\t<a class=\"elementor-post__read-more\" href=\"https:\/\/tisebio.com\/es\/parametros-a-tener-en-cuenta-para-elegir-una-buena-bomba-de-calor-aerotermica\/\" aria-label=\"M\u00e1s informaci\u00f3n sobre Par\u00e1metros a tener en cuenta para elegir una buena bomba de calor aerot\u00e9rmica\" tabindex=\"-1\" target=\"_blank\">\n\t\t\tLeer m\u00e1s\t\t<\/a>\n\n\t\t\t\t\t<\/div>\n\t\t\t\t<\/div>\n\t\t\t\t\t<\/div>\n\t\t<\/article>\n\t\t\t\t<article class=\"elementor-post elementor-grid-item post-6560 post type-post status-publish format-standard has-post-thumbnail hentry category-sense-categoria\">\n\t\t\t<div class=\"elementor-post__card\">\n\t\t\t\t<a class=\"elementor-post__thumbnail__link\" href=\"https:\/\/tisebio.com\/es\/bombas-de-calor-y-hidrogeno-en-que-punto-se-encuentran\/\" tabindex=\"-1\" target=\"_blank\"><div class=\"elementor-post__thumbnail\"><img decoding=\"async\" width=\"800\" height=\"533\" src=\"https:\/\/tisebio.com\/wp-content\/uploads\/variety-wonderful-abstract-forms-with-oil-water-800x533.jpg\" class=\"attachment-large size-large wp-image-6556\" alt=\"\" srcset=\"https:\/\/tisebio.com\/wp-content\/uploads\/variety-wonderful-abstract-forms-with-oil-water-800x533.jpg 800w, https:\/\/tisebio.com\/wp-content\/uploads\/variety-wonderful-abstract-forms-with-oil-water-400x267.jpg 400w, https:\/\/tisebio.com\/wp-content\/uploads\/variety-wonderful-abstract-forms-with-oil-water-768x512.jpg 768w, https:\/\/tisebio.com\/wp-content\/uploads\/variety-wonderful-abstract-forms-with-oil-water-1536x1024.jpg 1536w, https:\/\/tisebio.com\/wp-content\/uploads\/variety-wonderful-abstract-forms-with-oil-water-2048x1365.jpg 2048w\" sizes=\"(max-width: 800px) 100vw, 800px\" \/><\/div><\/a>\n\t\t\t\t<div class=\"elementor-post__text\">\n\t\t\t\t<h3 class=\"elementor-post__title\">\n\t\t\t<a href=\"https:\/\/tisebio.com\/es\/bombas-de-calor-y-hidrogeno-en-que-punto-se-encuentran\/\" target=&quot;_blank&quot;>\n\t\t\t\tBombas de calor y hidr\u00f3geno: \u00bfEn qu\u00e9 punto se encuentran?\t\t\t<\/a>\n\t\t<\/h3>\n\t\t\t\t<div class=\"elementor-post__excerpt\">\n\t\t\t<p>Las bombas de calor alimentadas por hidr\u00f3geno podr\u00edan reducir notablemente la huella de carbono de las cadenas de suministro de energ\u00eda en el Reino Unido, seg\u00fan una nueva investigaci\u00f3n del Centro Avanzado de Eficiencia de Recursos de la Universidad de Sheffield. <\/p>\n\t\t<\/div>\n\t\t\t\t\t<div class=\"elementor-post__read-more-wrapper\">\n\t\t\n\t\t<a class=\"elementor-post__read-more\" href=\"https:\/\/tisebio.com\/es\/bombas-de-calor-y-hidrogeno-en-que-punto-se-encuentran\/\" aria-label=\"M\u00e1s informaci\u00f3n sobre Bombas de calor y hidr\u00f3geno: \u00bfEn qu\u00e9 punto se encuentran?\" tabindex=\"-1\" target=\"_blank\">\n\t\t\tLeer m\u00e1s\t\t<\/a>\n\n\t\t\t\t\t<\/div>\n\t\t\t\t<\/div>\n\t\t\t\t\t<\/div>\n\t\t<\/article>\n\t\t\t\t<article class=\"elementor-post elementor-grid-item post-6522 post type-post status-publish format-standard has-post-thumbnail hentry category-sense-categoria\">\n\t\t\t<div class=\"elementor-post__card\">\n\t\t\t\t<a class=\"elementor-post__thumbnail__link\" href=\"https:\/\/tisebio.com\/es\/el-impacto-de-la-iluminacion-en-la-productividad-y-el-bienestar-en-entornos-laborales\/\" tabindex=\"-1\" target=\"_blank\"><div class=\"elementor-post__thumbnail\"><img decoding=\"async\" width=\"800\" height=\"534\" src=\"https:\/\/tisebio.com\/wp-content\/uploads\/man-woman-working-laptop-together-800x534.jpg\" class=\"attachment-large size-large wp-image-6518\" alt=\"\" srcset=\"https:\/\/tisebio.com\/wp-content\/uploads\/man-woman-working-laptop-together-800x534.jpg 800w, https:\/\/tisebio.com\/wp-content\/uploads\/man-woman-working-laptop-together-400x267.jpg 400w, https:\/\/tisebio.com\/wp-content\/uploads\/man-woman-working-laptop-together-768x513.jpg 768w, https:\/\/tisebio.com\/wp-content\/uploads\/man-woman-working-laptop-together-1536x1025.jpg 1536w, https:\/\/tisebio.com\/wp-content\/uploads\/man-woman-working-laptop-together-2048x1367.jpg 2048w\" sizes=\"(max-width: 800px) 100vw, 800px\" \/><\/div><\/a>\n\t\t\t\t<div class=\"elementor-post__text\">\n\t\t\t\t<h3 class=\"elementor-post__title\">\n\t\t\t<a href=\"https:\/\/tisebio.com\/es\/el-impacto-de-la-iluminacion-en-la-productividad-y-el-bienestar-en-entornos-laborales\/\" target=&quot;_blank&quot;>\n\t\t\t\tEl impacto de la iluminaci\u00f3n en la productividad y el bienestar en entornos laborales\t\t\t<\/a>\n\t\t<\/h3>\n\t\t\t\t<div class=\"elementor-post__excerpt\">\n\t\t\t<p>La iluminaci\u00f3n es un aspecto esencial en todos los entornos, ya sea laboral o p\u00fablico. Su papel no se limita solo a proporcionar luz para las actividades diarias, sino que tambi\u00e9n tiene un impacto significativo en la productividad y el bienestar de los ocupantes. <\/p>\n\t\t<\/div>\n\t\t\t\t\t<div class=\"elementor-post__read-more-wrapper\">\n\t\t\n\t\t<a class=\"elementor-post__read-more\" href=\"https:\/\/tisebio.com\/es\/el-impacto-de-la-iluminacion-en-la-productividad-y-el-bienestar-en-entornos-laborales\/\" aria-label=\"M\u00e1s informaci\u00f3n sobre El impacto de la iluminaci\u00f3n en la productividad y el bienestar en entornos laborales\" tabindex=\"-1\" target=\"_blank\">\n\t\t\tLeer m\u00e1s\t\t<\/a>\n\n\t\t\t\t\t<\/div>\n\t\t\t\t<\/div>\n\t\t\t\t\t<\/div>\n\t\t<\/article>\n\t\t\t\t<\/div>\n\t\t\n\t\t\t\t<div class=\"e-load-more-anchor\" data-page=\"1\" data-max-page=\"7\" data-next-page=\"https:\/\/tisebio.com\/es\/wp-json\/wp\/v2\/pages\/4609\/page\/2\/\"><\/div>\n\t\t\t\t<nav class=\"elementor-pagination\" aria-label=\"Paginaci\u00f3n\">\n\t\t\t<span class=\"page-numbers prev\">&laquo; Previous<\/span>\n<span aria-current=\"page\" class=\"page-numbers current\"><span class=\"elementor-screen-only\">P\u00e1gina<\/span>1<\/span>\n<a class=\"page-numbers\" href=\"https:\/\/tisebio.com\/es\/wp-json\/wp\/v2\/pages\/4609\/page\/2\/\"><span class=\"elementor-screen-only\">P\u00e1gina<\/span>2<\/a>\n<a class=\"page-numbers\" href=\"https:\/\/tisebio.com\/es\/wp-json\/wp\/v2\/pages\/4609\/page\/3\/\"><span class=\"elementor-screen-only\">P\u00e1gina<\/span>3<\/a>\n<a class=\"page-numbers\" href=\"https:\/\/tisebio.com\/es\/wp-json\/wp\/v2\/pages\/4609\/page\/4\/\"><span class=\"elementor-screen-only\">P\u00e1gina<\/span>4<\/a>\n<a class=\"page-numbers\" href=\"https:\/\/tisebio.com\/es\/wp-json\/wp\/v2\/pages\/4609\/page\/5\/\"><span class=\"elementor-screen-only\">P\u00e1gina<\/span>5<\/a>\n<a class=\"page-numbers next\" href=\"https:\/\/tisebio.com\/es\/wp-json\/wp\/v2\/pages\/4609\/page\/2\/\">Next &raquo;<\/a>\t\t<\/nav>\n\t\t\t\t\t\t<\/div>\n\t\t\t\t<\/div>\n\t\t\t\t\t<\/div>\n\t\t<\/div>\n\t\t\t\t\t<\/div>\n\t\t<\/section>\n\t\t\t\t<footer class=\"elementor-section elementor-top-section elementor-element elementor-element-00c7d16 elementor-section-boxed elementor-section-height-default elementor-section-height-default\" data-id=\"00c7d16\" data-element_type=\"section\" data-settings=\"{&quot;background_background&quot;:&quot;classic&quot;}\">\n\t\t\t\t\t\t<div class=\"elementor-container elementor-column-gap-default\">\n\t\t\t\t\t<div class=\"elementor-column elementor-col-100 elementor-top-column elementor-element elementor-element-cf560cd\" data-id=\"cf560cd\" data-element_type=\"column\">\n\t\t\t<div class=\"elementor-widget-wrap elementor-element-populated\">\n\t\t\t\t\t\t<div class=\"elementor-element elementor-element-0d357f4 elementor-widget elementor-widget-text-editor\" data-id=\"0d357f4\" data-element_type=\"widget\" data-widget_type=\"text-editor.default\">\n\t\t\t\t<div class=\"elementor-widget-container\">\n\t\t\t\t\t\t\t\t\t<p style=\"text-align: right;\"><span style=\"color: #ffffff;\"><span style=\"font-size: 11px;\">5&nbsp;<\/span><\/span><\/p>\n<p style=\"text-align: right;\"><span style=\"color: #ffffff;\"><span style=\"font-size: 11px;\">&nbsp;<\/span><\/span><\/p>\n<p style=\"text-align: right;\"><span style=\"font-size: 11px;\">Copyright \u00a9 2025 TISE Ingenier\u00eda | <\/span><a style=\"font-size: 11px; background-color: #595959; color: #ffffff;\" href=\"https:\/\/tisebio.com\/avis-legal\/\">Av\u00edso Legal<\/a><span style=\"font-size: 11px;\"> | <\/span><a style=\"font-size: 11px; background-color: #595959; color: #ffffff;\" href=\"https:\/\/tisebio.com\/politica-de-privacitat\/\">Pol\u00edtica de Privacidad<\/a><\/p>\t\t\t\t\t\t\t\t<\/div>\n\t\t\t\t<\/div>\n\t\t\t\t\t<\/div>\n\t\t<\/div>\n\t\t\t\t\t<\/div>\n\t\t<\/footer>\n\t\t\t\t<\/div>\n\t\t","protected":false},"excerpt":{"rendered":"<p>BLOG-EDIFICIOS-SALUD-SOSTENIBILIDAD-EFICIENCIA 5&nbsp; &nbsp; Copyright \u00a9 2025 TISE Ingenier\u00eda | Av\u00edso Legal | Pol\u00edtica de Privacidad<\/p>\n","protected":false},"author":2,"featured_media":0,"parent":0,"menu_order":0,"comment_status":"closed","ping_status":"closed","template":"","meta":{"site-sidebar-layout":"no-sidebar","site-content-layout":"page-builder","ast-site-content-layout":"full-width-container","site-content-style":"unboxed","site-sidebar-style":"unboxed","ast-global-header-display":"","ast-banner-title-visibility":"","ast-main-header-display":"","ast-hfb-above-header-display":"","ast-hfb-below-header-display":"","ast-hfb-mobile-header-display":"","site-post-title":"disabled","ast-breadcrumbs-content":"","ast-featured-img":"disabled","footer-sml-layout":"","ast-disable-related-posts":"","theme-transparent-header-meta":"","adv-header-id-meta":"","stick-header-meta":"","header-above-stick-meta":"","header-main-stick-meta":"","header-below-stick-meta":"","astra-migrate-meta-layouts":"set","ast-page-background-enabled":"default","ast-page-background-meta":{"desktop":{"background-color":"","background-image":"","background-repeat":"repeat","background-position":"center center","background-size":"auto","background-attachment":"scroll","background-type":"","background-media":"","overlay-type":"","overlay-color":"","overlay-opacity":"","overlay-gradient":""},"tablet":{"background-color":"","background-image":"","background-repeat":"repeat","background-position":"center center","background-size":"auto","background-attachment":"scroll","background-type":"","background-media":"","overlay-type":"","overlay-color":"","overlay-opacity":"","overlay-gradient":""},"mobile":{"background-color":"","background-image":"","background-repeat":"repeat","background-position":"center center","background-size":"auto","background-attachment":"scroll","background-type":"","background-media":"","overlay-type":"","overlay-color":"","overlay-opacity":"","overlay-gradient":""}},"ast-content-background-meta":{"desktop":{"background-color":"var(--ast-global-color-5)","background-image":"","background-repeat":"repeat","background-position":"center center","background-size":"auto","background-attachment":"scroll","background-type":"","background-media":"","overlay-type":"","overlay-color":"","overlay-opacity":"","overlay-gradient":""},"tablet":{"background-color":"var(--ast-global-color-5)","background-image":"","background-repeat":"repeat","background-position":"center center","background-size":"auto","background-attachment":"scroll","background-type":"","background-media":"","overlay-type":"","overlay-color":"","overlay-opacity":"","overlay-gradient":""},"mobile":{"background-color":"var(--ast-global-color-5)","background-image":"","background-repeat":"repeat","background-position":"center center","background-size":"auto","background-attachment":"scroll","background-type":"","background-media":"","overlay-type":"","overlay-color":"","overlay-opacity":"","overlay-gradient":""}},"footnotes":""},"class_list":["post-4609","page","type-page","status-publish","hentry"],"yoast_head":"<!-- This site is optimized with the Yoast SEO plugin v27.4 - https:\/\/yoast.com\/product\/yoast-seo-wordpress\/ -->\n<title>Blog - TISE Ingenier\u00eda<\/title>\n<meta name=\"robots\" content=\"index, follow, max-snippet:-1, max-image-preview:large, max-video-preview:-1\" \/>\n<link rel=\"canonical\" href=\"https:\/\/tisebio.com\/blog\/\" \/>\n<meta property=\"og:locale\" content=\"es_ES\" \/>\n<meta property=\"og:type\" content=\"article\" \/>\n<meta property=\"og:title\" content=\"Blog - TISE Ingenier\u00eda\" \/>\n<meta property=\"og:description\" content=\"BLOG-EDIFICIOS-SALUD-SOSTENIBILIDAD-EFICIENCIA 5&nbsp; &nbsp; Copyright \u00a9 2025 TISE Ingenier\u00eda | Av\u00edso Legal | Pol\u00edtica de Privacidad\" \/>\n<meta property=\"og:url\" content=\"https:\/\/tisebio.com\/blog\/\" \/>\n<meta property=\"og:site_name\" content=\"TISE Ingenier\u00eda\" \/>\n<meta property=\"article:modified_time\" content=\"2025-03-30T20:41:41+00:00\" \/>\n<meta name=\"twitter:card\" content=\"summary_large_image\" \/>\n<meta name=\"twitter:label1\" content=\"Tiempo de lectura\" \/>\n\t<meta name=\"twitter:data1\" content=\"2 minutos\" \/>\n<script type=\"application\/ld+json\" class=\"yoast-schema-graph\">{\"@context\":\"https:\\\/\\\/schema.org\",\"@graph\":[{\"@type\":\"WebPage\",\"@id\":\"https:\\\/\\\/tisebio.com\\\/blog\\\/\",\"url\":\"https:\\\/\\\/tisebio.com\\\/blog\\\/\",\"name\":\"Blog - TISE Ingenier\u00eda\",\"isPartOf\":{\"@id\":\"https:\\\/\\\/tisebio.com\\\/#website\"},\"datePublished\":\"2023-05-05T11:07:50+00:00\",\"dateModified\":\"2025-03-30T20:41:41+00:00\",\"breadcrumb\":{\"@id\":\"https:\\\/\\\/tisebio.com\\\/blog\\\/#breadcrumb\"},\"inLanguage\":\"es\",\"potentialAction\":[{\"@type\":\"ReadAction\",\"target\":[\"https:\\\/\\\/tisebio.com\\\/blog\\\/\"]}]},{\"@type\":\"BreadcrumbList\",\"@id\":\"https:\\\/\\\/tisebio.com\\\/blog\\\/#breadcrumb\",\"itemListElement\":[{\"@type\":\"ListItem\",\"position\":1,\"name\":\"Inici\",\"item\":\"https:\\\/\\\/tisebio.com\\\/\"},{\"@type\":\"ListItem\",\"position\":2,\"name\":\"Blog\"}]},{\"@type\":\"WebSite\",\"@id\":\"https:\\\/\\\/tisebio.com\\\/#website\",\"url\":\"https:\\\/\\\/tisebio.com\\\/\",\"name\":\"TISE Ingenier\u00eda\",\"description\":\"Instalaciones que te cuidan\",\"publisher\":{\"@id\":\"https:\\\/\\\/tisebio.com\\\/#organization\"},\"potentialAction\":[{\"@type\":\"SearchAction\",\"target\":{\"@type\":\"EntryPoint\",\"urlTemplate\":\"https:\\\/\\\/tisebio.com\\\/?s={search_term_string}\"},\"query-input\":{\"@type\":\"PropertyValueSpecification\",\"valueRequired\":true,\"valueName\":\"search_term_string\"}}],\"inLanguage\":\"es\"},{\"@type\":\"Organization\",\"@id\":\"https:\\\/\\\/tisebio.com\\\/#organization\",\"name\":\"TISE Enginyeria\",\"url\":\"https:\\\/\\\/tisebio.com\\\/\",\"logo\":{\"@type\":\"ImageObject\",\"inLanguage\":\"es\",\"@id\":\"https:\\\/\\\/tisebio.com\\\/#\\\/schema\\\/logo\\\/image\\\/\",\"url\":\"https:\\\/\\\/tisebio.com\\\/wp-content\\\/uploads\\\/2.png\",\"contentUrl\":\"https:\\\/\\\/tisebio.com\\\/wp-content\\\/uploads\\\/2.png\",\"width\":500,\"height\":500,\"caption\":\"TISE Enginyeria\"},\"image\":{\"@id\":\"https:\\\/\\\/tisebio.com\\\/#\\\/schema\\\/logo\\\/image\\\/\"}}]}<\/script>\n<!-- \/ Yoast SEO plugin. -->","yoast_head_json":{"title":"Blog - TISE Ingenier\u00eda","robots":{"index":"index","follow":"follow","max-snippet":"max-snippet:-1","max-image-preview":"max-image-preview:large","max-video-preview":"max-video-preview:-1"},"canonical":"https:\/\/tisebio.com\/blog\/","og_locale":"es_ES","og_type":"article","og_title":"Blog - TISE Ingenier\u00eda","og_description":"BLOG-EDIFICIOS-SALUD-SOSTENIBILIDAD-EFICIENCIA 5&nbsp; &nbsp; Copyright \u00a9 2025 TISE Ingenier\u00eda | Av\u00edso Legal | Pol\u00edtica de Privacidad","og_url":"https:\/\/tisebio.com\/blog\/","og_site_name":"TISE Ingenier\u00eda","article_modified_time":"2025-03-30T20:41:41+00:00","twitter_card":"summary_large_image","twitter_misc":{"Tiempo de lectura":"2 minutos"},"schema":{"@context":"https:\/\/schema.org","@graph":[{"@type":"WebPage","@id":"https:\/\/tisebio.com\/blog\/","url":"https:\/\/tisebio.com\/blog\/","name":"Blog - TISE Ingenier\u00eda","isPartOf":{"@id":"https:\/\/tisebio.com\/#website"},"datePublished":"2023-05-05T11:07:50+00:00","dateModified":"2025-03-30T20:41:41+00:00","breadcrumb":{"@id":"https:\/\/tisebio.com\/blog\/#breadcrumb"},"inLanguage":"es","potentialAction":[{"@type":"ReadAction","target":["https:\/\/tisebio.com\/blog\/"]}]},{"@type":"BreadcrumbList","@id":"https:\/\/tisebio.com\/blog\/#breadcrumb","itemListElement":[{"@type":"ListItem","position":1,"name":"Inici","item":"https:\/\/tisebio.com\/"},{"@type":"ListItem","position":2,"name":"Blog"}]},{"@type":"WebSite","@id":"https:\/\/tisebio.com\/#website","url":"https:\/\/tisebio.com\/","name":"TISE Ingenier\u00eda","description":"Instalaciones que te cuidan","publisher":{"@id":"https:\/\/tisebio.com\/#organization"},"potentialAction":[{"@type":"SearchAction","target":{"@type":"EntryPoint","urlTemplate":"https:\/\/tisebio.com\/?s={search_term_string}"},"query-input":{"@type":"PropertyValueSpecification","valueRequired":true,"valueName":"search_term_string"}}],"inLanguage":"es"},{"@type":"Organization","@id":"https:\/\/tisebio.com\/#organization","name":"TISE Enginyeria","url":"https:\/\/tisebio.com\/","logo":{"@type":"ImageObject","inLanguage":"es","@id":"https:\/\/tisebio.com\/#\/schema\/logo\/image\/","url":"https:\/\/tisebio.com\/wp-content\/uploads\/2.png","contentUrl":"https:\/\/tisebio.com\/wp-content\/uploads\/2.png","width":500,"height":500,"caption":"TISE Enginyeria"},"image":{"@id":"https:\/\/tisebio.com\/#\/schema\/logo\/image\/"}}]}},"_links":{"self":[{"href":"https:\/\/tisebio.com\/es\/wp-json\/wp\/v2\/pages\/4609","targetHints":{"allow":["GET"]}}],"collection":[{"href":"https:\/\/tisebio.com\/es\/wp-json\/wp\/v2\/pages"}],"about":[{"href":"https:\/\/tisebio.com\/es\/wp-json\/wp\/v2\/types\/page"}],"author":[{"embeddable":true,"href":"https:\/\/tisebio.com\/es\/wp-json\/wp\/v2\/users\/2"}],"replies":[{"embeddable":true,"href":"https:\/\/tisebio.com\/es\/wp-json\/wp\/v2\/comments?post=4609"}],"version-history":[{"count":12,"href":"https:\/\/tisebio.com\/es\/wp-json\/wp\/v2\/pages\/4609\/revisions"}],"predecessor-version":[{"id":6672,"href":"https:\/\/tisebio.com\/es\/wp-json\/wp\/v2\/pages\/4609\/revisions\/6672"}],"wp:attachment":[{"href":"https:\/\/tisebio.com\/es\/wp-json\/wp\/v2\/media?parent=4609"}],"curies":[{"name":"wp","href":"https:\/\/api.w.org\/{rel}","templated":true}]}}