{"id":4607,"date":"2018-09-18T09:02:45","date_gmt":"2018-09-18T07:02:45","guid":{"rendered":"https:\/\/tisebio.com\/nosaltres\/"},"modified":"2025-03-31T13:55:35","modified_gmt":"2025-03-31T11:55:35","slug":"nosotros","status":"publish","type":"page","link":"https:\/\/tisebio.com\/es\/nosotros\/","title":{"rendered":"Nosotros"},"content":{"rendered":"\t\t<div data-elementor-type=\"wp-post\" data-elementor-id=\"4607\" class=\"elementor elementor-4607 elementor-2491\" data-elementor-post-type=\"page\">\n\t\t\t\t\t\t<section class=\"elementor-section elementor-top-section elementor-element elementor-element-a79f242 elementor-section-boxed elementor-section-height-default elementor-section-height-default\" data-id=\"a79f242\" data-element_type=\"section\" data-settings=\"{&quot;background_background&quot;:&quot;slideshow&quot;,&quot;background_slideshow_gallery&quot;:[],&quot;background_slideshow_loop&quot;:&quot;yes&quot;,&quot;background_slideshow_slide_duration&quot;:5000,&quot;background_slideshow_slide_transition&quot;:&quot;fade&quot;,&quot;background_slideshow_transition_duration&quot;:500}\">\n\t\t\t\t\t\t<div class=\"elementor-container elementor-column-gap-default\">\n\t\t\t\t\t<div class=\"elementor-column elementor-col-50 elementor-top-column elementor-element elementor-element-3b50892\" data-id=\"3b50892\" data-element_type=\"column\" data-settings=\"{&quot;background_background&quot;:&quot;gradient&quot;}\">\n\t\t\t<div class=\"elementor-widget-wrap elementor-element-populated\">\n\t\t\t\t\t\t<div class=\"elementor-element elementor-element-79201971 elementor-widget elementor-widget-heading\" data-id=\"79201971\" data-element_type=\"widget\" data-widget_type=\"heading.default\">\n\t\t\t\t<div class=\"elementor-widget-container\">\n\t\t\t\t\t<h3 class=\"elementor-heading-title elementor-size-default\">A favor de la salud y el medio ambiente.<\/h3>\t\t\t\t<\/div>\n\t\t\t\t<\/div>\n\t\t\t\t<div class=\"elementor-element elementor-element-724a2ed elementor-widget elementor-widget-heading\" data-id=\"724a2ed\" data-element_type=\"widget\" data-widget_type=\"heading.default\">\n\t\t\t\t<div class=\"elementor-widget-container\">\n\t\t\t\t\t<h6 class=\"elementor-heading-title elementor-size-default\">Innovaci\u00f3n y mejora constante hacia nuevas posibilidades, si t\u00fa ganas ganamos todos.<br><br> Un edificio saludable, permite aumentar el bienestar y la satisfacci\u00f3n de quienes viven en \u00e9l, a la vez que se disminuyen los costes de consumo y se reduce el impacto ambiental.<\/h6>\t\t\t\t<\/div>\n\t\t\t\t<\/div>\n\t\t\t\t\t<\/div>\n\t\t<\/div>\n\t\t\t\t<div class=\"elementor-column elementor-col-50 elementor-top-column elementor-element elementor-element-e0f1aef\" data-id=\"e0f1aef\" data-element_type=\"column\" data-settings=\"{&quot;background_background&quot;:&quot;slideshow&quot;,&quot;background_slideshow_gallery&quot;:[{&quot;id&quot;:3954,&quot;url&quot;:&quot;https:\\\/\\\/tisebio.com\\\/wp-content\\\/uploads\\\/a-favor-de-la-salut-i-exit-empresa-1.jpg&quot;}],&quot;background_slideshow_slide_transition&quot;:&quot;slide_down&quot;,&quot;background_slideshow_ken_burns&quot;:&quot;yes&quot;,&quot;background_slideshow_slide_duration&quot;:5000,&quot;background_slideshow_transition_duration&quot;:500,&quot;background_slideshow_ken_burns_zoom_direction&quot;:&quot;in&quot;}\">\n\t\t\t<div class=\"elementor-widget-wrap\">\n\t\t\t\t\t\t\t<\/div>\n\t\t<\/div>\n\t\t\t\t\t<\/div>\n\t\t<\/section>\n\t\t\t\t<section class=\"elementor-section elementor-top-section elementor-element elementor-element-596c4de2 elementor-section-content-middle elementor-section-boxed elementor-section-height-default elementor-section-height-default\" data-id=\"596c4de2\" data-element_type=\"section\" data-settings=\"{&quot;background_background&quot;:&quot;classic&quot;,&quot;shape_divider_top&quot;:&quot;tilt&quot;,&quot;shape_divider_bottom&quot;:&quot;tilt&quot;}\">\n\t\t\t\t\t\t\t<div class=\"elementor-background-overlay\"><\/div>\n\t\t\t\t\t\t<div class=\"elementor-shape elementor-shape-top\" aria-hidden=\"true\" data-negative=\"false\">\n\t\t\t<svg xmlns=\"http:\/\/www.w3.org\/2000\/svg\" viewBox=\"0 0 1000 100\" preserveAspectRatio=\"none\">\n\t<path class=\"elementor-shape-fill\" d=\"M0,6V0h1000v100L0,6z\"\/>\n<\/svg>\t\t<\/div>\n\t\t\t\t<div class=\"elementor-shape elementor-shape-bottom\" aria-hidden=\"true\" data-negative=\"false\">\n\t\t\t<svg xmlns=\"http:\/\/www.w3.org\/2000\/svg\" viewBox=\"0 0 1000 100\" preserveAspectRatio=\"none\">\n\t<path class=\"elementor-shape-fill\" d=\"M0,6V0h1000v100L0,6z\"\/>\n<\/svg>\t\t<\/div>\n\t\t\t\t\t<div class=\"elementor-container elementor-column-gap-no\">\n\t\t\t\t\t<div class=\"elementor-column elementor-col-100 elementor-top-column elementor-element elementor-element-13cf2fdb\" data-id=\"13cf2fdb\" data-element_type=\"column\">\n\t\t\t<div class=\"elementor-widget-wrap elementor-element-populated\">\n\t\t\t\t\t\t<div class=\"elementor-element elementor-element-7e090451 elementor-widget elementor-widget-heading\" data-id=\"7e090451\" data-element_type=\"widget\" data-widget_type=\"heading.default\">\n\t\t\t\t<div class=\"elementor-widget-container\">\n\t\t\t\t\t<h6 class=\"elementor-heading-title elementor-size-default\">Instalaciones saludables, eficientes y sostenibles<\/h6>\t\t\t\t<\/div>\n\t\t\t\t<\/div>\n\t\t\t\t<div class=\"elementor-element elementor-element-9417df7 elementor-widget elementor-widget-heading\" data-id=\"9417df7\" data-element_type=\"widget\" data-widget_type=\"heading.default\">\n\t\t\t\t<div class=\"elementor-widget-container\">\n\t\t\t\t\t<h2 class=\"elementor-heading-title elementor-size-default\">Hola, soy Carme Ribes<\/h2>\t\t\t\t<\/div>\n\t\t\t\t<\/div>\n\t\t\t\t<section class=\"elementor-section elementor-inner-section elementor-element elementor-element-19821d2e elementor-section-content-top elementor-section-boxed elementor-section-height-default elementor-section-height-default\" data-id=\"19821d2e\" data-element_type=\"section\">\n\t\t\t\t\t\t<div class=\"elementor-container elementor-column-gap-no\">\n\t\t\t\t\t<div class=\"elementor-column elementor-col-50 elementor-inner-column elementor-element elementor-element-641bf7b\" data-id=\"641bf7b\" data-element_type=\"column\" data-settings=\"{&quot;background_background&quot;:&quot;slideshow&quot;,&quot;background_slideshow_gallery&quot;:[{&quot;id&quot;:6725,&quot;url&quot;:&quot;https:\\\/\\\/tisebio.com\\\/wp-content\\\/uploads\\\/carme-ribes-3-1.jpg&quot;}],&quot;background_slideshow_slide_duration&quot;:5000,&quot;background_slideshow_slide_transition&quot;:&quot;fade&quot;,&quot;background_slideshow_transition_duration&quot;:500}\">\n\t\t\t<div class=\"elementor-widget-wrap\">\n\t\t\t\t\t\t\t<\/div>\n\t\t<\/div>\n\t\t\t\t<div class=\"elementor-column elementor-col-50 elementor-inner-column elementor-element elementor-element-2c940300\" data-id=\"2c940300\" data-element_type=\"column\" data-settings=\"{&quot;background_background&quot;:&quot;classic&quot;}\">\n\t\t\t<div class=\"elementor-widget-wrap elementor-element-populated\">\n\t\t\t\t\t\t<div class=\"elementor-element elementor-element-0017edc elementor-widget elementor-widget-heading\" data-id=\"0017edc\" data-element_type=\"widget\" data-widget_type=\"heading.default\">\n\t\t\t\t<div class=\"elementor-widget-container\">\n\t\t\t\t\t<h4 class=\"elementor-heading-title elementor-size-default\">M\u00e1s de 20 a\u00f1os ayudando a empresas y profesionales a integrar las instalaciones en el dise\u00f1o del edificio.<\/h4>\t\t\t\t<\/div>\n\t\t\t\t<\/div>\n\t\t\t\t<div class=\"elementor-element elementor-element-0b0aa79 elementor-widget__width-initial elementor-widget elementor-widget-heading\" data-id=\"0b0aa79\" data-element_type=\"widget\" data-widget_type=\"heading.default\">\n\t\t\t\t<div class=\"elementor-widget-container\">\n\t\t\t\t\t<h6 class=\"elementor-heading-title elementor-size-default\">Mi pasi\u00f3n por la maquinaria y las nuevas tecnolog\u00edas me llev\u00f3 a estudiar ingenier\u00eda. Pero fue una experiencia inesperada, a comienzos de mi carrera profesional, la que me cambi\u00f3 para siempre, la forma de ver los edificios.<br><br>\nUn d\u00eda, cuando empec\u00e9 a trabajar, cog\u00ed el tel\u00e9fono (porque en aquella \u00e9poca, al menos en mi empresa, eran los m\u00e1s j\u00f3venes los que cog\u00edamos el tel\u00e9fono), al otro lado del tel\u00e9fono hab\u00eda una persona muy preocupada, que me explic\u00f3 el caso de una enfermedad provocada por un mal dise\u00f1o de las instalaciones del edificio.<br><br> Resulta, que hab\u00eda personas que contra\u00edan una enfermedad llamada Lipoatrofia muscular, y esta persona me preguntaba si sab\u00edamos resolver este problema en la ingenier\u00eda donde trabajaba.<br><br>\nMe di cuenta de que nuestro trabajo no s\u00f3lo impactaba en la funcionalidad de un edificio, sino tambi\u00e9n en la salud de las personas. <\/h6>\t\t\t\t<\/div>\n\t\t\t\t<\/div>\n\t\t\t\t<div class=\"elementor-element elementor-element-b6cc4a1 elementor-widget elementor-widget-heading\" data-id=\"b6cc4a1\" data-element_type=\"widget\" data-widget_type=\"heading.default\">\n\t\t\t\t<div class=\"elementor-widget-container\">\n\t\t\t\t\t<span class=\"elementor-heading-title elementor-size-default\">\u00bfC\u00f3mo puede ser que un edificio, destinado a ser un espacio seguro y confortable, pueda llegar a provocar enfermedades?<\/span>\t\t\t\t<\/div>\n\t\t\t\t<\/div>\n\t\t\t\t\t<\/div>\n\t\t<\/div>\n\t\t\t\t\t<\/div>\n\t\t<\/section>\n\t\t\t\t<div class=\"elementor-element elementor-element-d4fcb70 elementor-widget__width-initial elementor-widget elementor-widget-heading\" data-id=\"d4fcb70\" data-element_type=\"widget\" data-widget_type=\"heading.default\">\n\t\t\t\t<div class=\"elementor-widget-container\">\n\t\t\t\t\t<h6 class=\"elementor-heading-title elementor-size-default\"><br>Desde entonces, me dediqu\u00e9 a estudiar como cada factor de un edificio, desde su ventilaci\u00f3n hasta la temperatura y la calidad del aire, afecta a la salud y al bienestar de los que viven o trabajan en \u00e9l.<br><br>\nMe form\u00e9 con los que considero los mejores expertos, como Carlos Labernia, Assum Vilaseca, el Instituto WELL, IEB y otros muchos. Aprend\u00ed sobre bioconstrucci\u00f3n, geometr\u00eda natural, redes de tierra, calidad del aire, sin perder de vista las novedades del sector.<br><br>\nPorque las instalaciones no s\u00f3lo deben cumplir con las normativas, deben proteger la salud, garantizar el confort y respetar el medio ambiente.<br><br>\nDespu\u00e9s de 12 a\u00f1os trabajando en una ingenier\u00eda y 8 m\u00e1s en otra, ambas enfocadas en edificios terciarios, sent\u00ed la necesidad de crear algo m\u00e1s humano, m\u00e1s cercano a las personas, capaz de priorizar la salud. As\u00ed naci\u00f3 TISE Ingenier\u00eda.<br><br>\nEn TISE, nuestro objetivo es claro: dise\u00f1ar instalaciones que hagan los espacios seguros, saludables y sostenibles. Creemos en un equilibrio entre eficiencia energ\u00e9tica, facilidad de uso y mantenimiento, pero sobre todo entre la salud de las personas y el respeto al medio ambiente. <br><br>\nNos aseguramos que nuestros dise\u00f1os no s\u00f3lo sean funcionales, sino que mejoren la calidad de vida de las personas que los utilizan. \nQueremos espacios donde no tengas que preocuparte por la temperatura, los olores o el ambiente cargado, sino que queremos que te sientas c\u00f3modo y lleno de energ\u00eda para hacer todo aquello que realmente te importa.<br><br>\nEn TISE Ingenier\u00eda, nuestras instalaciones no son s\u00f3lo un conjunto de tubos y cables: son la esencia de un entorno saludable donde las personas pueden vivir, trabajar y crecer.<br><br>\nI como me encanta todo lo relacionado con la maquinaria, nuevas tecnolog\u00edas, innovaci\u00f3n y desarrollo, \u00faltimamente me estoy especializando en las instalaciones para edificios de construcci\u00f3n industrializada.\n\n<\/h6>\t\t\t\t<\/div>\n\t\t\t\t<\/div>\n\t\t\t\t\t<\/div>\n\t\t<\/div>\n\t\t\t\t\t<\/div>\n\t\t<\/section>\n\t\t\t\t<section class=\"elementor-section elementor-top-section elementor-element elementor-element-ba6cb05 elementor-section-content-middle elementor-section-boxed elementor-section-height-default elementor-section-height-default\" data-id=\"ba6cb05\" data-element_type=\"section\" data-settings=\"{&quot;background_background&quot;:&quot;classic&quot;,&quot;shape_divider_top&quot;:&quot;tilt&quot;}\">\n\t\t\t\t\t\t\t<div class=\"elementor-background-overlay\"><\/div>\n\t\t\t\t\t\t<div class=\"elementor-shape elementor-shape-top\" aria-hidden=\"true\" data-negative=\"false\">\n\t\t\t<svg xmlns=\"http:\/\/www.w3.org\/2000\/svg\" viewBox=\"0 0 1000 100\" preserveAspectRatio=\"none\">\n\t<path class=\"elementor-shape-fill\" d=\"M0,6V0h1000v100L0,6z\"\/>\n<\/svg>\t\t<\/div>\n\t\t\t\t\t<div class=\"elementor-container elementor-column-gap-no\">\n\t\t\t\t\t<div class=\"elementor-column elementor-col-100 elementor-top-column elementor-element elementor-element-4777af9\" data-id=\"4777af9\" data-element_type=\"column\">\n\t\t\t<div class=\"elementor-widget-wrap elementor-element-populated\">\n\t\t\t\t\t\t<div class=\"elementor-element elementor-element-26716bd elementor-align-center elementor-widget elementor-widget-button\" data-id=\"26716bd\" data-element_type=\"widget\" data-widget_type=\"button.default\">\n\t\t\t\t<div class=\"elementor-widget-container\">\n\t\t\t\t\t\t\t\t\t<div class=\"elementor-button-wrapper\">\n\t\t\t\t\t<a class=\"elementor-button elementor-button-link elementor-size-sm elementor-animation-grow\" href=\"https:\/\/tisebio.com\/es\/contacta\/\">\n\t\t\t\t\t\t<span class=\"elementor-button-content-wrapper\">\n\t\t\t\t\t\t<span class=\"elementor-button-icon\">\n\t\t\t\t<i aria-hidden=\"true\" class=\"fas fa-long-arrow-alt-right\"><\/i>\t\t\t<\/span>\n\t\t\t\t\t\t\t\t\t<span class=\"elementor-button-text\">\u00bfHablamos?<\/span>\n\t\t\t\t\t<\/span>\n\t\t\t\t\t<\/a>\n\t\t\t\t<\/div>\n\t\t\t\t\t\t\t\t<\/div>\n\t\t\t\t<\/div>\n\t\t\t\t\t<\/div>\n\t\t<\/div>\n\t\t\t\t\t<\/div>\n\t\t<\/section>\n\t\t\t\t<footer class=\"elementor-section elementor-top-section elementor-element elementor-element-45ab4ab2 elementor-section-full_width elementor-section-height-default elementor-section-height-default\" data-id=\"45ab4ab2\" data-element_type=\"section\" data-settings=\"{&quot;background_background&quot;:&quot;classic&quot;}\">\n\t\t\t\t\t\t<div class=\"elementor-container elementor-column-gap-default\">\n\t\t\t\t\t<div class=\"elementor-column elementor-col-100 elementor-top-column elementor-element elementor-element-a69b635\" data-id=\"a69b635\" data-element_type=\"column\">\n\t\t\t<div class=\"elementor-widget-wrap elementor-element-populated\">\n\t\t\t\t\t\t<div class=\"elementor-element elementor-element-4bc7ca1 elementor-widget elementor-widget-text-editor\" data-id=\"4bc7ca1\" data-element_type=\"widget\" data-widget_type=\"text-editor.default\">\n\t\t\t\t<div class=\"elementor-widget-container\">\n\t\t\t\t\t\t\t\t\t<p style=\"text-align: right;\"><span style=\"color: #ffffff;\"><span style=\"font-size: 11px;\">\u00a0<\/span><\/span><\/p><p style=\"text-align: right;\"><span style=\"color: #ffffff;\"><span style=\"font-size: 11px;\">\u00a0<\/span><\/span><\/p><p style=\"text-align: right;\"><span style=\"font-size: 11px;\">Copyright \u00a9 2023 TISE Ingenier\u00eda | <\/span><a style=\"font-size: 11px; background-color: #595959; color: #ffffff;\" href=\"https:\/\/tisebio.com\/avis-legal\/\">Av\u00edso Legal<\/a><span style=\"font-size: 11px;\"> | <\/span><a style=\"font-size: 11px; background-color: #595959; color: #ffffff;\" href=\"https:\/\/tisebio.com\/politica-de-privacitat\/\">Pol\u00edtica de Privacidad<\/a><\/p>\t\t\t\t\t\t\t\t<\/div>\n\t\t\t\t<\/div>\n\t\t\t\t\t<\/div>\n\t\t<\/div>\n\t\t\t\t\t<\/div>\n\t\t<\/footer>\n\t\t\t\t<\/div>\n\t\t","protected":false},"excerpt":{"rendered":"<p>A favor de la salud y el medio ambiente. Innovaci\u00f3n y mejora constante hacia nuevas posibilidades, si t\u00fa ganas ganamos todos. Un edificio saludable, permite aumentar el bienestar y la satisfacci\u00f3n de quienes viven en \u00e9l, a la vez que se disminuyen los costes de consumo y se reduce el impacto ambiental. Instalaciones saludables, eficientes [&hellip;]<\/p>\n","protected":false},"author":2,"featured_media":0,"parent":0,"menu_order":0,"comment_status":"closed","ping_status":"closed","template":"","meta":{"site-sidebar-layout":"no-sidebar","site-content-layout":"page-builder","ast-site-content-layout":"default","site-content-style":"default","site-sidebar-style":"default","ast-global-header-display":"","ast-banner-title-visibility":"","ast-main-header-display":"","ast-hfb-above-header-display":"","ast-hfb-below-header-display":"","ast-hfb-mobile-header-display":"","site-post-title":"disabled","ast-breadcrumbs-content":"","ast-featured-img":"","footer-sml-layout":"","ast-disable-related-posts":"","theme-transparent-header-meta":"default","adv-header-id-meta":"","stick-header-meta":"","header-above-stick-meta":"","header-main-stick-meta":"","header-below-stick-meta":"","astra-migrate-meta-layouts":"set","ast-page-background-enabled":"default","ast-page-background-meta":{"desktop":{"background-color":"","background-image":"","background-repeat":"repeat","background-position":"center center","background-size":"auto","background-attachment":"scroll","background-type":"","background-media":"","overlay-type":"","overlay-color":"","overlay-opacity":"","overlay-gradient":""},"tablet":{"background-color":"","background-image":"","background-repeat":"repeat","background-position":"center center","background-size":"auto","background-attachment":"scroll","background-type":"","background-media":"","overlay-type":"","overlay-color":"","overlay-opacity":"","overlay-gradient":""},"mobile":{"background-color":"","background-image":"","background-repeat":"repeat","background-position":"center center","background-size":"auto","background-attachment":"scroll","background-type":"","background-media":"","overlay-type":"","overlay-color":"","overlay-opacity":"","overlay-gradient":""}},"ast-content-background-meta":{"desktop":{"background-color":"var(--ast-global-color-5)","background-image":"","background-repeat":"repeat","background-position":"center center","background-size":"auto","background-attachment":"scroll","background-type":"","background-media":"","overlay-type":"","overlay-color":"","overlay-opacity":"","overlay-gradient":""},"tablet":{"background-color":"var(--ast-global-color-5)","background-image":"","background-repeat":"repeat","background-position":"center center","background-size":"auto","background-attachment":"scroll","background-type":"","background-media":"","overlay-type":"","overlay-color":"","overlay-opacity":"","overlay-gradient":""},"mobile":{"background-color":"var(--ast-global-color-5)","background-image":"","background-repeat":"repeat","background-position":"center center","background-size":"auto","background-attachment":"scroll","background-type":"","background-media":"","overlay-type":"","overlay-color":"","overlay-opacity":"","overlay-gradient":""}},"footnotes":""},"class_list":["post-4607","page","type-page","status-publish","hentry"],"yoast_head":"<!-- This site is optimized with the Yoast SEO plugin v27.4 - https:\/\/yoast.com\/product\/yoast-seo-wordpress\/ -->\n<title>Nosotros - TISE Ingenier\u00eda<\/title>\n<meta name=\"description\" content=\"Hola, soy Carme Ribes, fundadora de TISE, una ingenier\u00eda que promueve instalaciones sostenibles, biocompatibles y eficientes energ\u00e9ticamente, para que las personas que usan el edificio se sientan cuidadas.\" \/>\n<meta name=\"robots\" content=\"index, follow, max-snippet:-1, max-image-preview:large, max-video-preview:-1\" \/>\n<link rel=\"canonical\" href=\"https:\/\/tisebio.com\/nosaltres\/\" \/>\n<meta property=\"og:locale\" content=\"es_ES\" \/>\n<meta property=\"og:type\" content=\"article\" \/>\n<meta property=\"og:title\" content=\"Nosotros - TISE Ingenier\u00eda\" \/>\n<meta property=\"og:description\" content=\"Hola, soy Carme Ribes, fundadora de TISE, una ingenier\u00eda que promueve instalaciones sostenibles, biocompatibles y eficientes energ\u00e9ticamente, para que las personas que usan el edificio se sientan cuidadas.\" \/>\n<meta property=\"og:url\" content=\"https:\/\/tisebio.com\/nosaltres\/\" \/>\n<meta property=\"og:site_name\" content=\"TISE Ingenier\u00eda\" \/>\n<meta property=\"article:modified_time\" content=\"2025-03-31T11:55:35+00:00\" \/>\n<meta name=\"twitter:card\" content=\"summary_large_image\" \/>\n<meta name=\"twitter:label1\" content=\"Tiempo de lectura\" \/>\n\t<meta name=\"twitter:data1\" content=\"3 minutos\" \/>\n<script type=\"application\/ld+json\" class=\"yoast-schema-graph\">{\"@context\":\"https:\\\/\\\/schema.org\",\"@graph\":[{\"@type\":\"WebPage\",\"@id\":\"https:\\\/\\\/tisebio.com\\\/nosaltres\\\/\",\"url\":\"https:\\\/\\\/tisebio.com\\\/nosaltres\\\/\",\"name\":\"Nosotros - TISE Ingenier\u00eda\",\"isPartOf\":{\"@id\":\"https:\\\/\\\/tisebio.com\\\/#website\"},\"datePublished\":\"2018-09-18T07:02:45+00:00\",\"dateModified\":\"2025-03-31T11:55:35+00:00\",\"description\":\"Hola, soy Carme Ribes, fundadora de TISE, una ingenier\u00eda que promueve instalaciones sostenibles, biocompatibles y eficientes energ\u00e9ticamente, para que las personas que usan el edificio se sientan cuidadas.\",\"breadcrumb\":{\"@id\":\"https:\\\/\\\/tisebio.com\\\/nosaltres\\\/#breadcrumb\"},\"inLanguage\":\"es\",\"potentialAction\":[{\"@type\":\"ReadAction\",\"target\":[\"https:\\\/\\\/tisebio.com\\\/nosaltres\\\/\"]}]},{\"@type\":\"BreadcrumbList\",\"@id\":\"https:\\\/\\\/tisebio.com\\\/nosaltres\\\/#breadcrumb\",\"itemListElement\":[{\"@type\":\"ListItem\",\"position\":1,\"name\":\"Inici\",\"item\":\"https:\\\/\\\/tisebio.com\\\/\"},{\"@type\":\"ListItem\",\"position\":2,\"name\":\"Nosotros\"}]},{\"@type\":\"WebSite\",\"@id\":\"https:\\\/\\\/tisebio.com\\\/#website\",\"url\":\"https:\\\/\\\/tisebio.com\\\/\",\"name\":\"TISE Ingenier\u00eda\",\"description\":\"Instalaciones que te cuidan\",\"publisher\":{\"@id\":\"https:\\\/\\\/tisebio.com\\\/#organization\"},\"potentialAction\":[{\"@type\":\"SearchAction\",\"target\":{\"@type\":\"EntryPoint\",\"urlTemplate\":\"https:\\\/\\\/tisebio.com\\\/?s={search_term_string}\"},\"query-input\":{\"@type\":\"PropertyValueSpecification\",\"valueRequired\":true,\"valueName\":\"search_term_string\"}}],\"inLanguage\":\"es\"},{\"@type\":\"Organization\",\"@id\":\"https:\\\/\\\/tisebio.com\\\/#organization\",\"name\":\"TISE Enginyeria\",\"url\":\"https:\\\/\\\/tisebio.com\\\/\",\"logo\":{\"@type\":\"ImageObject\",\"inLanguage\":\"es\",\"@id\":\"https:\\\/\\\/tisebio.com\\\/#\\\/schema\\\/logo\\\/image\\\/\",\"url\":\"https:\\\/\\\/tisebio.com\\\/wp-content\\\/uploads\\\/2.png\",\"contentUrl\":\"https:\\\/\\\/tisebio.com\\\/wp-content\\\/uploads\\\/2.png\",\"width\":500,\"height\":500,\"caption\":\"TISE Enginyeria\"},\"image\":{\"@id\":\"https:\\\/\\\/tisebio.com\\\/#\\\/schema\\\/logo\\\/image\\\/\"}}]}<\/script>\n<!-- \/ Yoast SEO plugin. -->","yoast_head_json":{"title":"Nosotros - TISE Ingenier\u00eda","description":"Hola, soy Carme Ribes, fundadora de TISE, una ingenier\u00eda que promueve instalaciones sostenibles, biocompatibles y eficientes energ\u00e9ticamente, para que las personas que usan el edificio se sientan cuidadas.","robots":{"index":"index","follow":"follow","max-snippet":"max-snippet:-1","max-image-preview":"max-image-preview:large","max-video-preview":"max-video-preview:-1"},"canonical":"https:\/\/tisebio.com\/nosaltres\/","og_locale":"es_ES","og_type":"article","og_title":"Nosotros - TISE Ingenier\u00eda","og_description":"Hola, soy Carme Ribes, fundadora de TISE, una ingenier\u00eda que promueve instalaciones sostenibles, biocompatibles y eficientes energ\u00e9ticamente, para que las personas que usan el edificio se sientan cuidadas.","og_url":"https:\/\/tisebio.com\/nosaltres\/","og_site_name":"TISE Ingenier\u00eda","article_modified_time":"2025-03-31T11:55:35+00:00","twitter_card":"summary_large_image","twitter_misc":{"Tiempo de lectura":"3 minutos"},"schema":{"@context":"https:\/\/schema.org","@graph":[{"@type":"WebPage","@id":"https:\/\/tisebio.com\/nosaltres\/","url":"https:\/\/tisebio.com\/nosaltres\/","name":"Nosotros - TISE Ingenier\u00eda","isPartOf":{"@id":"https:\/\/tisebio.com\/#website"},"datePublished":"2018-09-18T07:02:45+00:00","dateModified":"2025-03-31T11:55:35+00:00","description":"Hola, soy Carme Ribes, fundadora de TISE, una ingenier\u00eda que promueve instalaciones sostenibles, biocompatibles y eficientes energ\u00e9ticamente, para que las personas que usan el edificio se sientan cuidadas.","breadcrumb":{"@id":"https:\/\/tisebio.com\/nosaltres\/#breadcrumb"},"inLanguage":"es","potentialAction":[{"@type":"ReadAction","target":["https:\/\/tisebio.com\/nosaltres\/"]}]},{"@type":"BreadcrumbList","@id":"https:\/\/tisebio.com\/nosaltres\/#breadcrumb","itemListElement":[{"@type":"ListItem","position":1,"name":"Inici","item":"https:\/\/tisebio.com\/"},{"@type":"ListItem","position":2,"name":"Nosotros"}]},{"@type":"WebSite","@id":"https:\/\/tisebio.com\/#website","url":"https:\/\/tisebio.com\/","name":"TISE Ingenier\u00eda","description":"Instalaciones que te cuidan","publisher":{"@id":"https:\/\/tisebio.com\/#organization"},"potentialAction":[{"@type":"SearchAction","target":{"@type":"EntryPoint","urlTemplate":"https:\/\/tisebio.com\/?s={search_term_string}"},"query-input":{"@type":"PropertyValueSpecification","valueRequired":true,"valueName":"search_term_string"}}],"inLanguage":"es"},{"@type":"Organization","@id":"https:\/\/tisebio.com\/#organization","name":"TISE Enginyeria","url":"https:\/\/tisebio.com\/","logo":{"@type":"ImageObject","inLanguage":"es","@id":"https:\/\/tisebio.com\/#\/schema\/logo\/image\/","url":"https:\/\/tisebio.com\/wp-content\/uploads\/2.png","contentUrl":"https:\/\/tisebio.com\/wp-content\/uploads\/2.png","width":500,"height":500,"caption":"TISE Enginyeria"},"image":{"@id":"https:\/\/tisebio.com\/#\/schema\/logo\/image\/"}}]}},"_links":{"self":[{"href":"https:\/\/tisebio.com\/es\/wp-json\/wp\/v2\/pages\/4607","targetHints":{"allow":["GET"]}}],"collection":[{"href":"https:\/\/tisebio.com\/es\/wp-json\/wp\/v2\/pages"}],"about":[{"href":"https:\/\/tisebio.com\/es\/wp-json\/wp\/v2\/types\/page"}],"author":[{"embeddable":true,"href":"https:\/\/tisebio.com\/es\/wp-json\/wp\/v2\/users\/2"}],"replies":[{"embeddable":true,"href":"https:\/\/tisebio.com\/es\/wp-json\/wp\/v2\/comments?post=4607"}],"version-history":[{"count":12,"href":"https:\/\/tisebio.com\/es\/wp-json\/wp\/v2\/pages\/4607\/revisions"}],"predecessor-version":[{"id":6729,"href":"https:\/\/tisebio.com\/es\/wp-json\/wp\/v2\/pages\/4607\/revisions\/6729"}],"wp:attachment":[{"href":"https:\/\/tisebio.com\/es\/wp-json\/wp\/v2\/media?parent=4607"}],"curies":[{"name":"wp","href":"https:\/\/api.w.org\/{rel}","templated":true}]}}