{"id":3992,"date":"2020-08-02T13:50:22","date_gmt":"2020-08-02T13:50:22","guid":{"rendered":"https:\/\/tisebio.com\/contacta\/"},"modified":"2025-03-30T23:17:43","modified_gmt":"2025-03-30T21:17:43","slug":"contacta","status":"publish","type":"page","link":"https:\/\/tisebio.com\/es\/contacta\/","title":{"rendered":"Contacta"},"content":{"rendered":"\t\t<div data-elementor-type=\"wp-post\" data-elementor-id=\"3992\" class=\"elementor elementor-3992 elementor-2493\" data-elementor-post-type=\"page\">\n\t\t\t\t\t\t<section class=\"elementor-section elementor-top-section elementor-element elementor-element-d2d01d7 elementor-section-boxed elementor-section-height-default elementor-section-height-default\" data-id=\"d2d01d7\" data-element_type=\"section\">\n\t\t\t\t\t\t<div class=\"elementor-container elementor-column-gap-default\">\n\t\t\t\t\t<div class=\"elementor-column elementor-col-50 elementor-top-column elementor-element elementor-element-66de0b0\" data-id=\"66de0b0\" data-element_type=\"column\">\n\t\t\t<div class=\"elementor-widget-wrap elementor-element-populated\">\n\t\t\t\t\t\t<div class=\"elementor-element elementor-element-4417d62 elementor-widget elementor-widget-image\" data-id=\"4417d62\" data-element_type=\"widget\" data-widget_type=\"image.default\">\n\t\t\t\t<div class=\"elementor-widget-container\">\n\t\t\t\t\t\t\t\t\t\t\t\t\t\t\t<img fetchpriority=\"high\" decoding=\"async\" width=\"798\" height=\"1196\" src=\"https:\/\/tisebio.com\/wp-content\/uploads\/encantats-de-parlar-amb-tu-1.png\" class=\"attachment-large size-large wp-image-3865\" alt=\"\" srcset=\"https:\/\/tisebio.com\/wp-content\/uploads\/encantats-de-parlar-amb-tu-1.png 798w, https:\/\/tisebio.com\/wp-content\/uploads\/encantats-de-parlar-amb-tu-1-400x599.png 400w, https:\/\/tisebio.com\/wp-content\/uploads\/encantats-de-parlar-amb-tu-1-768x1151.png 768w\" sizes=\"(max-width: 798px) 100vw, 798px\" \/>\t\t\t\t\t\t\t\t\t\t\t\t\t\t\t<\/div>\n\t\t\t\t<\/div>\n\t\t\t\t\t<\/div>\n\t\t<\/div>\n\t\t\t\t<div class=\"elementor-column elementor-col-50 elementor-top-column elementor-element elementor-element-98b6d85\" data-id=\"98b6d85\" data-element_type=\"column\">\n\t\t\t<div class=\"elementor-widget-wrap elementor-element-populated\">\n\t\t\t\t\t\t<div class=\"elementor-element elementor-element-0a5252b elementor-widget elementor-widget-heading\" data-id=\"0a5252b\" data-element_type=\"widget\" data-widget_type=\"heading.default\">\n\t\t\t\t<div class=\"elementor-widget-container\">\n\t\t\t\t\t<h6 class=\"elementor-heading-title elementor-size-default\"><B> Rellena el formulario o env\u00eda un correo a info@tisebio.com: <\/ b><\/h6>\t\t\t\t<\/div>\n\t\t\t\t<\/div>\n\t\t\t\t<div class=\"elementor-element elementor-element-2d25ed8 elementor-widget elementor-widget-heading\" data-id=\"2d25ed8\" data-element_type=\"widget\" data-widget_type=\"heading.default\">\n\t\t\t\t<div class=\"elementor-widget-container\">\n\t\t\t\t\t<h6 class=\"elementor-heading-title elementor-size-default\">Tambi\u00e9n si crees que podemos colaborar en alg\u00fan proyecto que est\u00e1s planeando <br> o si tienes alguna consulta.<\/h6>\t\t\t\t<\/div>\n\t\t\t\t<\/div>\n\t\t\t\t<div class=\"elementor-element elementor-element-249e5fd elementor-button-align-stretch elementor-widget elementor-widget-form\" data-id=\"249e5fd\" data-element_type=\"widget\" data-settings=\"{&quot;step_next_label&quot;:&quot;Next&quot;,&quot;step_previous_label&quot;:&quot;Previous&quot;,&quot;button_width&quot;:&quot;100&quot;,&quot;step_type&quot;:&quot;number_text&quot;,&quot;step_icon_shape&quot;:&quot;circle&quot;}\" data-widget_type=\"form.default\">\n\t\t\t\t<div class=\"elementor-widget-container\">\n\t\t\t\t\t\t\t<form class=\"elementor-form\" method=\"post\" name=\"Formulario de contacto\">\n\t\t\t<input type=\"hidden\" name=\"post_id\" value=\"3992\"\/>\n\t\t\t<input type=\"hidden\" name=\"form_id\" value=\"249e5fd\"\/>\n\t\t\t<input type=\"hidden\" name=\"referer_title\" value=\"TISE Ingenier\u00eda\" \/>\n\n\t\t\t\n\t\t\t<div class=\"elementor-form-fields-wrapper elementor-labels-\">\n\t\t\t\t\t\t\t\t<div class=\"elementor-field-type-text elementor-field-group elementor-column elementor-field-group-name elementor-col-100 elementor-field-required\">\n\t\t\t\t\t\t\t\t\t\t\t\t<label for=\"form-field-name\" class=\"elementor-field-label elementor-screen-only\">\n\t\t\t\t\t\t\t\tNombre\t\t\t\t\t\t\t<\/label>\n\t\t\t\t\t\t\t\t\t\t\t\t\t\t<input size=\"1\" type=\"text\" name=\"form_fields[name]\" id=\"form-field-name\" class=\"elementor-field elementor-size-sm  elementor-field-textual\" placeholder=\"Nombre\" required=\"required\">\n\t\t\t\t\t\t\t\t\t\t\t<\/div>\n\t\t\t\t\t\t\t\t<div class=\"elementor-field-type-email elementor-field-group elementor-column elementor-field-group-email elementor-col-100 elementor-field-required\">\n\t\t\t\t\t\t\t\t\t\t\t\t<label for=\"form-field-email\" class=\"elementor-field-label elementor-screen-only\">\n\t\t\t\t\t\t\t\tCorreo electr\u00f3nic\t\t\t\t\t\t\t<\/label>\n\t\t\t\t\t\t\t\t\t\t\t\t\t\t<input size=\"1\" type=\"email\" name=\"form_fields[email]\" id=\"form-field-email\" class=\"elementor-field elementor-size-sm  elementor-field-textual\" placeholder=\"Correo electr\u00f3nico\" required=\"required\">\n\t\t\t\t\t\t\t\t\t\t\t<\/div>\n\t\t\t\t\t\t\t\t<div class=\"elementor-field-type-textarea elementor-field-group elementor-column elementor-field-group-message elementor-col-100 elementor-field-required\">\n\t\t\t\t\t\t\t\t\t\t\t\t<label for=\"form-field-message\" class=\"elementor-field-label elementor-screen-only\">\n\t\t\t\t\t\t\t\tMensaje\t\t\t\t\t\t\t<\/label>\n\t\t\t\t\t\t<textarea class=\"elementor-field-textual elementor-field  elementor-size-sm\" name=\"form_fields[message]\" id=\"form-field-message\" rows=\"4\" placeholder=\"Mensaje\" required=\"required\"><\/textarea>\t\t\t\t<\/div>\n\t\t\t\t\t\t\t\t<div class=\"elementor-field-type-acceptance elementor-field-group elementor-column elementor-field-group-field_980542d elementor-col-100 elementor-field-required\">\n\t\t\t\t\t\t\t\t\t\t\t\t<label for=\"form-field-field_980542d\" class=\"elementor-field-label elementor-screen-only\">\n\t\t\t\t\t\t\t\tAviso Legal\t\t\t\t\t\t\t<\/label>\n\t\t\t\t\t\t\t\t<div class=\"elementor-field-subgroup\">\n\t\t\t<span class=\"elementor-field-option\">\n\t\t\t\t<input type=\"checkbox\" name=\"form_fields[field_980542d]\" id=\"form-field-field_980542d\" class=\"elementor-field elementor-size-sm  elementor-acceptance-field\" required=\"required\">\n\t\t\t\t<label for=\"form-field-field_980542d\">He le\u00eddo el Aviso Legal y acepto la Pol\u00edtica de Privacidad.<\/label>\t\t\t<\/span>\n\t\t<\/div>\n\t\t\t\t\t\t<\/div>\n\t\t\t\t\t\t\t\t<div class=\"elementor-field-group elementor-column elementor-field-type-submit elementor-col-100 e-form__buttons\">\n\t\t\t\t\t<button class=\"elementor-button elementor-size-sm\" type=\"submit\">\n\t\t\t\t\t\t<span class=\"elementor-button-content-wrapper\">\n\t\t\t\t\t\t\t\t\t\t\t\t\t\t\t\t\t\t\t\t\t\t<span class=\"elementor-button-text\">Envia<\/span>\n\t\t\t\t\t\t\t\t\t\t\t\t\t<\/span>\n\t\t\t\t\t<\/button>\n\t\t\t\t<\/div>\n\t\t\t<\/div>\n\t\t<\/form>\n\t\t\t\t\t\t<\/div>\n\t\t\t\t<\/div>\n\t\t\t\t\t<\/div>\n\t\t<\/div>\n\t\t\t\t\t<\/div>\n\t\t<\/section>\n\t\t\t\t<footer class=\"elementor-section elementor-top-section elementor-element elementor-element-11ec8f87 elementor-section-boxed elementor-section-height-default elementor-section-height-default\" data-id=\"11ec8f87\" data-element_type=\"section\" data-settings=\"{&quot;background_background&quot;:&quot;classic&quot;}\">\n\t\t\t\t\t\t<div class=\"elementor-container elementor-column-gap-default\">\n\t\t\t\t\t<div class=\"elementor-column elementor-col-100 elementor-top-column elementor-element elementor-element-5ca26412\" data-id=\"5ca26412\" data-element_type=\"column\">\n\t\t\t<div class=\"elementor-widget-wrap elementor-element-populated\">\n\t\t\t\t\t\t<div class=\"elementor-element elementor-element-604e8a60 elementor-widget elementor-widget-text-editor\" data-id=\"604e8a60\" data-element_type=\"widget\" data-widget_type=\"text-editor.default\">\n\t\t\t\t<div class=\"elementor-widget-container\">\n\t\t\t\t\t\t\t\t\t<p style=\"text-align: right;\"><span style=\"color: #ffffff;\"><span style=\"font-size: 11px;\">&nbsp;<\/span><\/span><\/p>\n<p style=\"text-align: right;\"><span style=\"color: #ffffff;\"><span style=\"font-size: 11px;\">&nbsp;<\/span><\/span><\/p>\n<p style=\"text-align: right;\"><span style=\"font-size: 11px;\">Copyright \u00a9 2025 TISE Ingenier\u00eda | <\/span><a style=\"font-size: 11px; background-color: #595959; color: #ffffff;\" href=\"https:\/\/tisebio.com\/avis-legal\/\">Av\u00edso Legal<\/a><span style=\"font-size: 11px;\"> | <\/span><a style=\"font-size: 11px; background-color: #595959; color: #ffffff;\" href=\"https:\/\/tisebio.com\/politica-de-privacitat\/\">Pol\u00edtica de Privacidad<\/a><\/p>\t\t\t\t\t\t\t\t<\/div>\n\t\t\t\t<\/div>\n\t\t\t\t\t<\/div>\n\t\t<\/div>\n\t\t\t\t\t<\/div>\n\t\t<\/footer>\n\t\t\t\t<\/div>\n\t\t","protected":false},"excerpt":{"rendered":"<p>Rellena el formulario o env\u00eda un correo a info@tisebio.com: Tambi\u00e9n si crees que podemos colaborar en alg\u00fan proyecto que est\u00e1s planeando o si tienes alguna consulta. &nbsp; &nbsp; Copyright \u00a9 2025 TISE Ingenier\u00eda | Av\u00edso Legal | Pol\u00edtica de Privacidad<\/p>\n","protected":false},"author":2,"featured_media":0,"parent":0,"menu_order":0,"comment_status":"closed","ping_status":"closed","template":"","meta":{"site-sidebar-layout":"no-sidebar","site-content-layout":"page-builder","ast-site-content-layout":"full-width-container","site-content-style":"unboxed","site-sidebar-style":"unboxed","ast-global-header-display":"","ast-banner-title-visibility":"","ast-main-header-display":"","ast-hfb-above-header-display":"","ast-hfb-below-header-display":"","ast-hfb-mobile-header-display":"","site-post-title":"disabled","ast-breadcrumbs-content":"","ast-featured-img":"disabled","footer-sml-layout":"","ast-disable-related-posts":"","theme-transparent-header-meta":"default","adv-header-id-meta":"","stick-header-meta":"","header-above-stick-meta":"","header-main-stick-meta":"","header-below-stick-meta":"","astra-migrate-meta-layouts":"default","ast-page-background-enabled":"default","ast-page-background-meta":{"desktop":{"background-color":"","background-image":"","background-repeat":"repeat","background-position":"center center","background-size":"auto","background-attachment":"scroll","background-type":"","background-media":"","overlay-type":"","overlay-color":"","overlay-opacity":"","overlay-gradient":""},"tablet":{"background-color":"","background-image":"","background-repeat":"repeat","background-position":"center center","background-size":"auto","background-attachment":"scroll","background-type":"","background-media":"","overlay-type":"","overlay-color":"","overlay-opacity":"","overlay-gradient":""},"mobile":{"background-color":"","background-image":"","background-repeat":"repeat","background-position":"center center","background-size":"auto","background-attachment":"scroll","background-type":"","background-media":"","overlay-type":"","overlay-color":"","overlay-opacity":"","overlay-gradient":""}},"ast-content-background-meta":{"desktop":{"background-color":"var(--ast-global-color-5)","background-image":"","background-repeat":"repeat","background-position":"center center","background-size":"auto","background-attachment":"scroll","background-type":"","background-media":"","overlay-type":"","overlay-color":"","overlay-opacity":"","overlay-gradient":""},"tablet":{"background-color":"var(--ast-global-color-5)","background-image":"","background-repeat":"repeat","background-position":"center center","background-size":"auto","background-attachment":"scroll","background-type":"","background-media":"","overlay-type":"","overlay-color":"","overlay-opacity":"","overlay-gradient":""},"mobile":{"background-color":"var(--ast-global-color-5)","background-image":"","background-repeat":"repeat","background-position":"center center","background-size":"auto","background-attachment":"scroll","background-type":"","background-media":"","overlay-type":"","overlay-color":"","overlay-opacity":"","overlay-gradient":""}},"footnotes":""},"class_list":["post-3992","page","type-page","status-publish","hentry"],"yoast_head":"<!-- This site is optimized with the Yoast SEO plugin v27.4 - https:\/\/yoast.com\/product\/yoast-seo-wordpress\/ -->\n<title>Contacta - TISE Ingenier\u00eda<\/title>\n<meta name=\"robots\" content=\"index, follow, max-snippet:-1, max-image-preview:large, max-video-preview:-1\" \/>\n<link rel=\"canonical\" href=\"https:\/\/tisebio.com\/contacta\/\" \/>\n<meta property=\"og:locale\" content=\"es_ES\" \/>\n<meta property=\"og:type\" content=\"article\" \/>\n<meta property=\"og:title\" content=\"Contacta - TISE Ingenier\u00eda\" \/>\n<meta property=\"og:description\" content=\"Rellena el formulario o env\u00eda un correo a info@tisebio.com: Tambi\u00e9n si crees que podemos colaborar en alg\u00fan proyecto que est\u00e1s planeando o si tienes alguna consulta. &nbsp; &nbsp; Copyright \u00a9 2025 TISE Ingenier\u00eda | Av\u00edso Legal | Pol\u00edtica de Privacidad\" \/>\n<meta property=\"og:url\" content=\"https:\/\/tisebio.com\/contacta\/\" \/>\n<meta property=\"og:site_name\" content=\"TISE Ingenier\u00eda\" \/>\n<meta property=\"article:modified_time\" content=\"2025-03-30T21:17:43+00:00\" \/>\n<meta property=\"og:image\" content=\"https:\/\/tisebio.com\/wp-content\/uploads\/encantats-de-parlar-amb-tu-1.png\" \/>\n\t<meta property=\"og:image:width\" content=\"798\" \/>\n\t<meta property=\"og:image:height\" content=\"1196\" \/>\n\t<meta property=\"og:image:type\" content=\"image\/png\" \/>\n<meta name=\"twitter:card\" content=\"summary_large_image\" \/>\n<meta name=\"twitter:label1\" content=\"Tiempo de lectura\" \/>\n\t<meta name=\"twitter:data1\" content=\"1 minuto\" \/>\n<script type=\"application\/ld+json\" class=\"yoast-schema-graph\">{\"@context\":\"https:\\\/\\\/schema.org\",\"@graph\":[{\"@type\":\"WebPage\",\"@id\":\"https:\\\/\\\/tisebio.com\\\/contacta\\\/\",\"url\":\"https:\\\/\\\/tisebio.com\\\/contacta\\\/\",\"name\":\"Contacta - TISE Ingenier\u00eda\",\"isPartOf\":{\"@id\":\"https:\\\/\\\/tisebio.com\\\/#website\"},\"primaryImageOfPage\":{\"@id\":\"https:\\\/\\\/tisebio.com\\\/contacta\\\/#primaryimage\"},\"image\":{\"@id\":\"https:\\\/\\\/tisebio.com\\\/contacta\\\/#primaryimage\"},\"thumbnailUrl\":\"https:\\\/\\\/tisebio.com\\\/wp-content\\\/uploads\\\/encantats-de-parlar-amb-tu-1.png\",\"datePublished\":\"2020-08-02T13:50:22+00:00\",\"dateModified\":\"2025-03-30T21:17:43+00:00\",\"breadcrumb\":{\"@id\":\"https:\\\/\\\/tisebio.com\\\/contacta\\\/#breadcrumb\"},\"inLanguage\":\"es\",\"potentialAction\":[{\"@type\":\"ReadAction\",\"target\":[\"https:\\\/\\\/tisebio.com\\\/contacta\\\/\"]}]},{\"@type\":\"ImageObject\",\"inLanguage\":\"es\",\"@id\":\"https:\\\/\\\/tisebio.com\\\/contacta\\\/#primaryimage\",\"url\":\"https:\\\/\\\/tisebio.com\\\/wp-content\\\/uploads\\\/encantats-de-parlar-amb-tu-1.png\",\"contentUrl\":\"https:\\\/\\\/tisebio.com\\\/wp-content\\\/uploads\\\/encantats-de-parlar-amb-tu-1.png\"},{\"@type\":\"BreadcrumbList\",\"@id\":\"https:\\\/\\\/tisebio.com\\\/contacta\\\/#breadcrumb\",\"itemListElement\":[{\"@type\":\"ListItem\",\"position\":1,\"name\":\"Inici\",\"item\":\"https:\\\/\\\/tisebio.com\\\/\"},{\"@type\":\"ListItem\",\"position\":2,\"name\":\"Contacta\"}]},{\"@type\":\"WebSite\",\"@id\":\"https:\\\/\\\/tisebio.com\\\/#website\",\"url\":\"https:\\\/\\\/tisebio.com\\\/\",\"name\":\"TISE Ingenier\u00eda\",\"description\":\"Instalaciones que te cuidan\",\"publisher\":{\"@id\":\"https:\\\/\\\/tisebio.com\\\/#organization\"},\"potentialAction\":[{\"@type\":\"SearchAction\",\"target\":{\"@type\":\"EntryPoint\",\"urlTemplate\":\"https:\\\/\\\/tisebio.com\\\/?s={search_term_string}\"},\"query-input\":{\"@type\":\"PropertyValueSpecification\",\"valueRequired\":true,\"valueName\":\"search_term_string\"}}],\"inLanguage\":\"es\"},{\"@type\":\"Organization\",\"@id\":\"https:\\\/\\\/tisebio.com\\\/#organization\",\"name\":\"TISE Enginyeria\",\"url\":\"https:\\\/\\\/tisebio.com\\\/\",\"logo\":{\"@type\":\"ImageObject\",\"inLanguage\":\"es\",\"@id\":\"https:\\\/\\\/tisebio.com\\\/#\\\/schema\\\/logo\\\/image\\\/\",\"url\":\"https:\\\/\\\/tisebio.com\\\/wp-content\\\/uploads\\\/2.png\",\"contentUrl\":\"https:\\\/\\\/tisebio.com\\\/wp-content\\\/uploads\\\/2.png\",\"width\":500,\"height\":500,\"caption\":\"TISE Enginyeria\"},\"image\":{\"@id\":\"https:\\\/\\\/tisebio.com\\\/#\\\/schema\\\/logo\\\/image\\\/\"}}]}<\/script>\n<!-- \/ Yoast SEO plugin. -->","yoast_head_json":{"title":"Contacta - TISE Ingenier\u00eda","robots":{"index":"index","follow":"follow","max-snippet":"max-snippet:-1","max-image-preview":"max-image-preview:large","max-video-preview":"max-video-preview:-1"},"canonical":"https:\/\/tisebio.com\/contacta\/","og_locale":"es_ES","og_type":"article","og_title":"Contacta - TISE Ingenier\u00eda","og_description":"Rellena el formulario o env\u00eda un correo a info@tisebio.com: Tambi\u00e9n si crees que podemos colaborar en alg\u00fan proyecto que est\u00e1s planeando o si tienes alguna consulta. &nbsp; &nbsp; Copyright \u00a9 2025 TISE Ingenier\u00eda | Av\u00edso Legal | Pol\u00edtica de Privacidad","og_url":"https:\/\/tisebio.com\/contacta\/","og_site_name":"TISE Ingenier\u00eda","article_modified_time":"2025-03-30T21:17:43+00:00","og_image":[{"width":798,"height":1196,"url":"https:\/\/tisebio.com\/wp-content\/uploads\/encantats-de-parlar-amb-tu-1.png","type":"image\/png"}],"twitter_card":"summary_large_image","twitter_misc":{"Tiempo de lectura":"1 minuto"},"schema":{"@context":"https:\/\/schema.org","@graph":[{"@type":"WebPage","@id":"https:\/\/tisebio.com\/contacta\/","url":"https:\/\/tisebio.com\/contacta\/","name":"Contacta - TISE Ingenier\u00eda","isPartOf":{"@id":"https:\/\/tisebio.com\/#website"},"primaryImageOfPage":{"@id":"https:\/\/tisebio.com\/contacta\/#primaryimage"},"image":{"@id":"https:\/\/tisebio.com\/contacta\/#primaryimage"},"thumbnailUrl":"https:\/\/tisebio.com\/wp-content\/uploads\/encantats-de-parlar-amb-tu-1.png","datePublished":"2020-08-02T13:50:22+00:00","dateModified":"2025-03-30T21:17:43+00:00","breadcrumb":{"@id":"https:\/\/tisebio.com\/contacta\/#breadcrumb"},"inLanguage":"es","potentialAction":[{"@type":"ReadAction","target":["https:\/\/tisebio.com\/contacta\/"]}]},{"@type":"ImageObject","inLanguage":"es","@id":"https:\/\/tisebio.com\/contacta\/#primaryimage","url":"https:\/\/tisebio.com\/wp-content\/uploads\/encantats-de-parlar-amb-tu-1.png","contentUrl":"https:\/\/tisebio.com\/wp-content\/uploads\/encantats-de-parlar-amb-tu-1.png"},{"@type":"BreadcrumbList","@id":"https:\/\/tisebio.com\/contacta\/#breadcrumb","itemListElement":[{"@type":"ListItem","position":1,"name":"Inici","item":"https:\/\/tisebio.com\/"},{"@type":"ListItem","position":2,"name":"Contacta"}]},{"@type":"WebSite","@id":"https:\/\/tisebio.com\/#website","url":"https:\/\/tisebio.com\/","name":"TISE Ingenier\u00eda","description":"Instalaciones que te cuidan","publisher":{"@id":"https:\/\/tisebio.com\/#organization"},"potentialAction":[{"@type":"SearchAction","target":{"@type":"EntryPoint","urlTemplate":"https:\/\/tisebio.com\/?s={search_term_string}"},"query-input":{"@type":"PropertyValueSpecification","valueRequired":true,"valueName":"search_term_string"}}],"inLanguage":"es"},{"@type":"Organization","@id":"https:\/\/tisebio.com\/#organization","name":"TISE Enginyeria","url":"https:\/\/tisebio.com\/","logo":{"@type":"ImageObject","inLanguage":"es","@id":"https:\/\/tisebio.com\/#\/schema\/logo\/image\/","url":"https:\/\/tisebio.com\/wp-content\/uploads\/2.png","contentUrl":"https:\/\/tisebio.com\/wp-content\/uploads\/2.png","width":500,"height":500,"caption":"TISE Enginyeria"},"image":{"@id":"https:\/\/tisebio.com\/#\/schema\/logo\/image\/"}}]}},"_links":{"self":[{"href":"https:\/\/tisebio.com\/es\/wp-json\/wp\/v2\/pages\/3992","targetHints":{"allow":["GET"]}}],"collection":[{"href":"https:\/\/tisebio.com\/es\/wp-json\/wp\/v2\/pages"}],"about":[{"href":"https:\/\/tisebio.com\/es\/wp-json\/wp\/v2\/types\/page"}],"author":[{"embeddable":true,"href":"https:\/\/tisebio.com\/es\/wp-json\/wp\/v2\/users\/2"}],"replies":[{"embeddable":true,"href":"https:\/\/tisebio.com\/es\/wp-json\/wp\/v2\/comments?post=3992"}],"version-history":[{"count":12,"href":"https:\/\/tisebio.com\/es\/wp-json\/wp\/v2\/pages\/3992\/revisions"}],"predecessor-version":[{"id":6712,"href":"https:\/\/tisebio.com\/es\/wp-json\/wp\/v2\/pages\/3992\/revisions\/6712"}],"wp:attachment":[{"href":"https:\/\/tisebio.com\/es\/wp-json\/wp\/v2\/media?parent=3992"}],"curies":[{"name":"wp","href":"https:\/\/api.w.org\/{rel}","templated":true}]}}